{"id":383,"date":"2022-08-24T00:48:57","date_gmt":"2022-08-23T22:48:57","guid":{"rendered":"https:\/\/www.13horizonte.de\/?page_id=383"},"modified":"2022-09-07T16:27:57","modified_gmt":"2022-09-07T14:27:57","slug":"imprint","status":"publish","type":"page","link":"https:\/\/www.13horizonte.de\/en\/imprint\/","title":{"rendered":"Imprint"},"content":{"rendered":"<p><strong>Verantwortlich f\u00fcr den Inhalt gem\u00e4\u00df \u00a7 55 Abs. 2 RStV<\/strong><\/p>\n<p>Dr. Gabriele Minz GmbH<br \/>\nMeierottostra\u00dfe 6 \u00b7 10719 Berlin<br \/>\nGesch\u00e4ftsf\u00fchrerin: Dr. Gabriele Minz<\/p>\n<p>Inhaltliche Betreuung<br \/>\nStephanie Fuchs<br \/>\nTel.: +49 (0)30\u00a0 88 47 139 12<br \/>\n<a href=\"mailto:stephanie.fuchs@minzgmbh.de\">stephanie.fuchs@minzgmbh.de<\/a><\/p>\n<p><strong>Haftungsausschluss<\/strong><\/p>\n<p>Haftungsausschluss (<a href=\"https:\/\/www.13horizonte.de\/wp-content\/uploads\/2022\/08\/Haftungsausschuss.pdf\" target=\"_blank\" rel=\"noopener\">PDF<\/a>)<\/p>\n<p><strong>Kampagnen- und Webdesign<\/strong><\/p>\n<p>betterbuero<br \/>\nHauptstra\u00dfe 8 \/ Meisenbach H\u00f6fe<br \/>\n10827 Berlin<br \/>\nwww.betterbuero.com<br \/>\ninfo@betterbuero.com<\/p>\n<p><strong>Web-Programmierung<\/strong><\/p>\n<p>Martin Samlinski<br \/>\nSchillerpromenade 3<br \/>\n12049 Berlin<br \/>\nSamlinski.de<br \/>\ninfo@samlinski.de<\/p>\n<p>&nbsp;<\/p>\n","protected":false},"excerpt":{"rendered":"<p>Verantwortlich f\u00fcr den Inhalt gem\u00e4\u00df \u00a7 55 Abs. 2 RStV Dr. Gabriele Minz GmbH Meierottostra\u00dfe 6 \u00b7 10719 Berlin Gesch\u00e4ftsf\u00fchrerin: Dr. Gabriele Minz Inhaltliche Betreuung Stephanie Fuchs Tel.: +49 (0)30\u00a0 88 47 139 12 stephanie.fuchs@minzgmbh.de Haftungsausschluss Haftungsausschluss (PDF) Kampagnen- und Webdesign betterbuero Hauptstra\u00dfe 8 \/ Meisenbach H\u00f6fe 10827 Berlin www.betterbuero.com info@betterbuero.com Web-Programmierung Martin Samlinski Schillerpromenade &#8230;<br \/><a class=\"mt-5 btn btn-danger\" href=\"https:\/\/www.13horizonte.de\/en\/imprint\/\">read more<\/a><\/p>\n","protected":false},"author":1,"featured_media":0,"parent":0,"menu_order":0,"comment_status":"closed","ping_status":"closed","template":"","meta":{"footnotes":""},"class_list":["post-383","page","type-page","status-publish","hentry"],"acf":[],"_links":{"self":[{"href":"https:\/\/www.13horizonte.de\/en\/wp-json\/wp\/v2\/pages\/383","targetHints":{"allow":["GET"]}}],"collection":[{"href":"https:\/\/www.13horizonte.de\/en\/wp-json\/wp\/v2\/pages"}],"about":[{"href":"https:\/\/www.13horizonte.de\/en\/wp-json\/wp\/v2\/types\/page"}],"author":[{"embeddable":true,"href":"https:\/\/www.13horizonte.de\/en\/wp-json\/wp\/v2\/users\/1"}],"replies":[{"embeddable":true,"href":"https:\/\/www.13horizonte.de\/en\/wp-json\/wp\/v2\/comments?post=383"}],"version-history":[{"count":0,"href":"https:\/\/www.13horizonte.de\/en\/wp-json\/wp\/v2\/pages\/383\/revisions"}],"wp:attachment":[{"href":"https:\/\/www.13horizonte.de\/en\/wp-json\/wp\/v2\/media?parent=383"}],"curies":[{"name":"wp","href":"https:\/\/api.w.org\/{rel}","templated":true}]}}